{"id":220,"date":"2012-09-23T11:43:58","date_gmt":"2012-09-23T11:43:58","guid":{"rendered":"http:\/\/lax.fm\/portal\/?page_id=220"},"modified":"2012-12-06T17:14:44","modified_gmt":"2012-12-06T17:14:44","slug":"contactanos","status":"publish","type":"page","link":"https:\/\/lax.fm\/portal\/contactanos\/","title":{"rendered":"Cont\u00e1ctanos"},"content":{"rendered":"<p><strong>Direcci\u00f3n F\u00edsica<\/strong><br \/>\nCarr 174, KM 5.0<br \/>\nBarrio Guaraguao, Bayam\u00f3n<br \/>\nPuerto Rico, 00956<\/p>\n<p><strong>Direcci\u00f3n postal<\/strong><br \/>\nHC 71 BOX 15390<br \/>\nBayam\u00f3n, Puerto Rico 00956<\/p>\n<p><strong>Tel\u00e9fono<\/strong><br \/>\n787-269-1000<\/p>\n<p><strong>Ventas y Administraci\u00f3n<\/strong><br \/>\n787-785-9390<\/p>\n<p><strong>Solicitud de empleo<\/strong> <a title=\"Solicitud de empleo\" href=\"http:\/\/lax.fm\/portal\/wp-content\/uploads\/2012\/12\/solicitud_de_empleo_raad.pdf\" target=\"_blank\">Haz click para descargarla<\/a><\/p>\n<h3>Puedes comunicarte ahora llenando el siguiente formulario:<\/h3>\n","protected":false},"excerpt":{"rendered":"<p>Direcci\u00f3n F\u00edsica<br \/>\nCarr 174, KM 5.0<br \/>\nBarrio Guaraguao, Bayam\u00f3n<br \/>\nPuerto Rico, 00956<br \/>\nDirecci\u00f3n postal<br \/>\nHC 71 BOX 15390<br \/>\nBayam\u00f3n, Puerto Rico 00956<br \/>\nTel\u00e9fono<br \/>\n787-269-1000<br \/>\nVentas y Administraci\u00f3n<br \/>\n787-785-9390<br \/>\nSolicitud de empleo Haz click para descargarla<br \/>\nPuedes comunicarte ahora llenando el siguiente formulario:<\/p>\n","protected":false},"author":54,"featured_media":0,"parent":0,"menu_order":0,"comment_status":"closed","ping_status":"open","template":"template-contact.php","meta":{"_monsterinsights_skip_tracking":false,"_monsterinsights_sitenote_active":false,"_monsterinsights_sitenote_note":"","_monsterinsights_sitenote_category":0},"yoast_head":"<!-- This site is optimized with the Yoast SEO plugin v18.2 - https:\/\/yoast.com\/wordpress\/plugins\/seo\/ -->\n<meta name=\"robots\" content=\"index, follow, max-snippet:-1, max-image-preview:large, max-video-preview:-1\" \/>\n<link rel=\"canonical\" href=\"https:\/\/lax.fm\/portal\/contactanos\/\" \/>\n<meta property=\"og:locale\" content=\"en_US\" \/>\n<meta property=\"og:type\" content=\"article\" \/>\n<meta property=\"og:title\" content=\"Cont\u00e1ctanos - La-X - Gente con la m\u00fasica por dentro\" \/>\n<meta property=\"og:description\" content=\"Direcci\u00f3n F\u00edsica Carr 174, KM 5.0 Barrio Guaraguao, Bayam\u00f3n Puerto Rico, 00956 Direcci\u00f3n postal HC 71 BOX 15390 Bayam\u00f3n, Puerto Rico 00956 Tel\u00e9fono 787-269-1000 Ventas y Administraci\u00f3n 787-785-9390 Solicitud de empleo Haz click para descargarla Puedes comunicarte ahora llenando el siguiente formulario:\" \/>\n<meta property=\"og:url\" content=\"https:\/\/lax.fm\/portal\/contactanos\/\" \/>\n<meta property=\"og:site_name\" content=\"La-X - Gente con la m\u00fasica por dentro\" \/>\n<meta property=\"article:publisher\" content=\"http:\/\/www.facebook.com\/laxpr\" \/>\n<meta property=\"article:modified_time\" content=\"2012-12-06T17:14:44+00:00\" \/>\n<meta property=\"og:image\" content=\"https:\/\/lax.fm\/portal\/wp-content\/uploads\/2012\/09\/15380811_1193908120645745_4389093931225913347_n.png\" \/>\n\t<meta property=\"og:image:width\" content=\"828\" \/>\n\t<meta property=\"og:image:height\" content=\"315\" \/>\n\t<meta property=\"og:image:type\" content=\"image\/png\" \/>\n<meta name=\"twitter:card\" content=\"summary\" \/>\n<meta name=\"twitter:site\" content=\"@laxpr\" \/>\n<script type=\"application\/ld+json\" class=\"yoast-schema-graph\">{\"@context\":\"https:\/\/schema.org\",\"@graph\":[{\"@type\":\"WebSite\",\"@id\":\"https:\/\/lax.fm\/portal\/#website\",\"url\":\"https:\/\/lax.fm\/portal\/\",\"name\":\"La-X - Gente con la m\u00fasica por dentro\",\"description\":\"Radio Visual\",\"potentialAction\":[{\"@type\":\"SearchAction\",\"target\":{\"@type\":\"EntryPoint\",\"urlTemplate\":\"https:\/\/lax.fm\/portal\/?s={search_term_string}\"},\"query-input\":\"required name=search_term_string\"}],\"inLanguage\":\"en-US\"},{\"@type\":\"WebPage\",\"@id\":\"https:\/\/lax.fm\/portal\/contactanos\/#webpage\",\"url\":\"https:\/\/lax.fm\/portal\/contactanos\/\",\"name\":\"Cont\u00e1ctanos - La-X - Gente con la m\u00fasica por dentro\",\"isPartOf\":{\"@id\":\"https:\/\/lax.fm\/portal\/#website\"},\"datePublished\":\"2012-09-23T11:43:58+00:00\",\"dateModified\":\"2012-12-06T17:14:44+00:00\",\"breadcrumb\":{\"@id\":\"https:\/\/lax.fm\/portal\/contactanos\/#breadcrumb\"},\"inLanguage\":\"en-US\",\"potentialAction\":[{\"@type\":\"ReadAction\",\"target\":[\"https:\/\/lax.fm\/portal\/contactanos\/\"]}]},{\"@type\":\"BreadcrumbList\",\"@id\":\"https:\/\/lax.fm\/portal\/contactanos\/#breadcrumb\",\"itemListElement\":[{\"@type\":\"ListItem\",\"position\":1,\"name\":\"Home\",\"item\":\"https:\/\/lax.fm\/portal\/\"},{\"@type\":\"ListItem\",\"position\":2,\"name\":\"Cont\u00e1ctanos\"}]}]}<\/script>\n<!-- \/ Yoast SEO plugin. -->","yoast_head_json":{"robots":{"index":"index","follow":"follow","max-snippet":"max-snippet:-1","max-image-preview":"max-image-preview:large","max-video-preview":"max-video-preview:-1"},"canonical":"https:\/\/lax.fm\/portal\/contactanos\/","og_locale":"en_US","og_type":"article","og_title":"Cont\u00e1ctanos - La-X - Gente con la m\u00fasica por dentro","og_description":"Direcci\u00f3n F\u00edsica Carr 174, KM 5.0 Barrio Guaraguao, Bayam\u00f3n Puerto Rico, 00956 Direcci\u00f3n postal HC 71 BOX 15390 Bayam\u00f3n, Puerto Rico 00956 Tel\u00e9fono 787-269-1000 Ventas y Administraci\u00f3n 787-785-9390 Solicitud de empleo Haz click para descargarla Puedes comunicarte ahora llenando el siguiente formulario:","og_url":"https:\/\/lax.fm\/portal\/contactanos\/","og_site_name":"La-X - Gente con la m\u00fasica por dentro","article_publisher":"http:\/\/www.facebook.com\/laxpr","article_modified_time":"2012-12-06T17:14:44+00:00","og_image":[{"width":828,"height":315,"url":"https:\/\/lax.fm\/portal\/wp-content\/uploads\/2012\/09\/15380811_1193908120645745_4389093931225913347_n.png","type":"image\/png"}],"twitter_card":"summary","twitter_site":"@laxpr","schema":{"@context":"https:\/\/schema.org","@graph":[{"@type":"WebSite","@id":"https:\/\/lax.fm\/portal\/#website","url":"https:\/\/lax.fm\/portal\/","name":"La-X - Gente con la m\u00fasica por dentro","description":"Radio Visual","potentialAction":[{"@type":"SearchAction","target":{"@type":"EntryPoint","urlTemplate":"https:\/\/lax.fm\/portal\/?s={search_term_string}"},"query-input":"required name=search_term_string"}],"inLanguage":"en-US"},{"@type":"WebPage","@id":"https:\/\/lax.fm\/portal\/contactanos\/#webpage","url":"https:\/\/lax.fm\/portal\/contactanos\/","name":"Cont\u00e1ctanos - La-X - Gente con la m\u00fasica por dentro","isPartOf":{"@id":"https:\/\/lax.fm\/portal\/#website"},"datePublished":"2012-09-23T11:43:58+00:00","dateModified":"2012-12-06T17:14:44+00:00","breadcrumb":{"@id":"https:\/\/lax.fm\/portal\/contactanos\/#breadcrumb"},"inLanguage":"en-US","potentialAction":[{"@type":"ReadAction","target":["https:\/\/lax.fm\/portal\/contactanos\/"]}]},{"@type":"BreadcrumbList","@id":"https:\/\/lax.fm\/portal\/contactanos\/#breadcrumb","itemListElement":[{"@type":"ListItem","position":1,"name":"Home","item":"https:\/\/lax.fm\/portal\/"},{"@type":"ListItem","position":2,"name":"Cont\u00e1ctanos"}]}]}},"_links":{"self":[{"href":"https:\/\/lax.fm\/portal\/wp-json\/wp\/v2\/pages\/220"}],"collection":[{"href":"https:\/\/lax.fm\/portal\/wp-json\/wp\/v2\/pages"}],"about":[{"href":"https:\/\/lax.fm\/portal\/wp-json\/wp\/v2\/types\/page"}],"author":[{"embeddable":true,"href":"https:\/\/lax.fm\/portal\/wp-json\/wp\/v2\/users\/54"}],"replies":[{"embeddable":true,"href":"https:\/\/lax.fm\/portal\/wp-json\/wp\/v2\/comments?post=220"}],"version-history":[{"count":10,"href":"https:\/\/lax.fm\/portal\/wp-json\/wp\/v2\/pages\/220\/revisions"}],"predecessor-version":[{"id":510,"href":"https:\/\/lax.fm\/portal\/wp-json\/wp\/v2\/pages\/220\/revisions\/510"}],"wp:attachment":[{"href":"https:\/\/lax.fm\/portal\/wp-json\/wp\/v2\/media?parent=220"}],"curies":[{"name":"wp","href":"https:\/\/api.w.org\/{rel}","templated":true}]}}